{"id":19381,"date":"2024-09-17T03:40:14","date_gmt":"2024-09-17T03:40:14","guid":{"rendered":"https:\/\/demo40.houzez.co\/?page_id=19381"},"modified":"2026-04-22T12:28:50","modified_gmt":"2026-04-22T05:28:50","slug":"listings","status":"publish","type":"page","link":"https:\/\/expatsaigon.com\/vi\/listings\/","title":{"rendered":"Danh S\u00e1ch Tin \u0110\u0103ng"},"content":{"rendered":"<div class=\"brz-root__container\"><\/div>","protected":false},"excerpt":{"rendered":"","protected":false},"author":1,"featured_media":0,"parent":0,"menu_order":0,"comment_status":"closed","ping_status":"closed","template":"template\/template-listing-grid-v7-fullwidth-4cols.php","meta":{"footnotes":""},"class_list":["post-19381","page","type-page","status-publish","hentry"],"brizy_media":[],"_links":{"self":[{"href":"https:\/\/expatsaigon.com\/vi\/wp-json\/wp\/v2\/pages\/19381","targetHints":{"allow":["GET"]}}],"collection":[{"href":"https:\/\/expatsaigon.com\/vi\/wp-json\/wp\/v2\/pages"}],"about":[{"href":"https:\/\/expatsaigon.com\/vi\/wp-json\/wp\/v2\/types\/page"}],"author":[{"embeddable":true,"href":"https:\/\/expatsaigon.com\/vi\/wp-json\/wp\/v2\/users\/1"}],"replies":[{"embeddable":true,"href":"https:\/\/expatsaigon.com\/vi\/wp-json\/wp\/v2\/comments?post=19381"}],"version-history":[{"count":2,"href":"https:\/\/expatsaigon.com\/vi\/wp-json\/wp\/v2\/pages\/19381\/revisions"}],"predecessor-version":[{"id":20654,"href":"https:\/\/expatsaigon.com\/vi\/wp-json\/wp\/v2\/pages\/19381\/revisions\/20654"}],"wp:attachment":[{"href":"https:\/\/expatsaigon.com\/vi\/wp-json\/wp\/v2\/media?parent=19381"}],"curies":[{"name":"wp","href":"https:\/\/api.w.org\/{rel}","templated":true}]}}